{"id":17,"date":"2017-10-17T22:11:23","date_gmt":"2017-10-17T20:11:23","guid":{"rendered":"http:\/\/www.leona-olten.ch\/?page_id=17"},"modified":"2023-09-11T18:04:01","modified_gmt":"2023-09-11T16:04:01","slug":"visionspapier","status":"publish","type":"page","link":"https:\/\/leona-olten.ch\/index.php\/visionspapier\/","title":{"rendered":"Visionspapier"},"content":{"rendered":"\n<h1 class=\"wp-block-heading\">Attraktiv und bezahlbar in der Stadt leben!<\/h1>\n\n\n\n<p>Wir streben eine Neue Nachbarschaft in Form einer Genossenschaft in Olten an.<br>Wir sind Pionierende, weil wir den Mut haben, verschiedene bew\u00e4hrte, aber auch ganz neue Ideen in einem solchen Projekt umzusetzen, als eine Erg\u00e4nzung zum bisherigen Wohnraum in Olten. Wir wollen eine wegweisendes Projekt im kleinst\u00e4dtischen Kontext sein und zum lebendigen Stadtbild von Olten beitragen. Die Neue Nachbarschaft soll die Ideen aufnehmen, wie sie in mehreren Projekten in der Schweiz umgesetzt wurden und mehrheitlich als Erfolg gewertet werden:<\/p>\n\n\n\n<ul class=\"wp-block-list\">\n<li>ein Mix von Wohnungstypen, der eine Vielzahl von verschiedenen Lebensformen zul\u00e4sst<\/li>\n\n\n\n<li>eine Organisation, welche im richtigen Mass ein Gemeinschaftsgef\u00fchl vermittelt und pers\u00f6nliches Engagement zul\u00e4sst<\/li>\n\n\n\n<li>eine herausragende Gestaltung, die auch mit knappen Fl\u00e4chen eine hohe Qualit\u00e4t schafft und zu Begegnungen f\u00fchrt<\/li>\n\n\n\n<li>die Anlage soll auf die vorhandene Umgebung reagieren, diese einbeziehen und bereichern<\/li>\n\n\n\n<li>der Ansatz \u201eteilen statt besitzen\u201c soll beg\u00fcnstigt werden (inkl. Raumnutzungen wie Mehrzweckr\u00e4ume, Ateliers oder G\u00e4stezimmer) und zu sinnvoll dimensionierten Einheiten f\u00fchren<\/li>\n<\/ul>\n\n\n\n<p>Diese Ans\u00e4tze, gepaart mit einer \u00f6kologischen Bauweise (ob Neubau oder Umnutzung) und einem zentrumsnahen Standort k\u00f6nnen zu einem hochwertigen, \u00f6kologisch vertretbaren und bezahlbaren Projekt f\u00fchren.<\/p>\n\n\n\n<h1 class=\"wp-block-heading\">R\u00fcckzug und Gemeinschaft<\/h1>\n\n\n\n<p>Die Neue Nachbarschaft soll intern ein gewisses Zusammengeh\u00f6rigkeitsgef\u00fchl vermitteln, gleichzeitig f\u00fcr die unmittelbare Umgebung einen Mehrwert darstellen. Eine gezielte Gestaltung soll den Erdgeschossbereich und den Aussenraum klar gliedern, sprich: durchl\u00e4ssig und begehbar machen, aber auch klar trennen. Mit einer Hausallmend (z.B. im Erdgeschoss oder Innenhof) und auf einer oder mehreren Dachterrassen sollen Begegnungen sowohl mit dem Quartier, aber auch gezielt nur unter der Nachbarschaft selbst erm\u00f6glicht und beg\u00fcnstigt werden. Gut gestaltete Erschliessungs- und Eingangsbereiche sollen im richtigen Mass zu Kommunikation f\u00fchren, andererseits sollen die privaten Aussenr\u00e4ume (Terrassen, Loggien) in gen\u00fcgendem Mass Intimit\u00e4t und R\u00fcckzug erm\u00f6glichen. F\u00fcr das friedliche Zusammenleben sollen Konfliktl\u00f6sungsmodelle erarbeitet werden.<\/p>\n\n\n<div class=\"wp-block-image\">\n<figure class=\"aligncenter\"><img loading=\"lazy\" decoding=\"async\" width=\"624\" height=\"468\" src=\"http:\/\/www.leona-olten.ch\/wp-content\/uploads\/2017\/10\/bild_s8.jpg\" alt=\"\" class=\"wp-image-130\" srcset=\"https:\/\/leona-olten.ch\/wp-content\/uploads\/2017\/10\/bild_s8.jpg 624w, https:\/\/leona-olten.ch\/wp-content\/uploads\/2017\/10\/bild_s8-300x225.jpg 300w\" sizes=\"auto, (max-width: 624px) 100vw, 624px\" \/><\/figure>\n<\/div>\n\n\n<p class=\"has-text-align-center\"><a href=\"https:\/\/www.srf.ch\/kultur\/gesellschaft-religion\/zusammen-wohnen-staedter-weniger-allein\" target=\"_blank\" rel=\"noopener\">Bildquelle<\/a><\/p>\n\n\n\n<h1 class=\"wp-block-heading\">Gemeinsame Nutzungen<\/h1>\n\n\n\n<p>Es soll R\u00e4ume geben, die nach dem Grundsatz \u00abteilen statt besitzen\u00bb gemeinschaftliche Nutzung erm\u00f6glichen und jederzeit f\u00fcr alle gleichzeitig zug\u00e4nglich sind (z.B. Werkst\u00e4tte, spezielle R\u00e4ume f\u00fcr Sport, Bibliothek), andere sollen je nach Bed\u00fcrfnis mittels eines Buchungssystems gemietet werden k\u00f6nnen (z.B.&nbsp; G\u00e4stezimmer). F\u00fcr diese Nutzung sollen spezielle Betriebsmodelle erarbeitet werden.<br>Teile der Hausallmend sollen als nutzungsneutrale Zonen vorgesehen werden und Platz f\u00fcr neue Ideen (und evtl. entsprechenden sp\u00e4teren Ausbau) bieten. Beispiele sind eine Grossk\u00fcche, Innenspielplatz, Sportr\u00e4ume, Sauna, Partykeller, Gewerber\u00e4ume, Caf\u00e9, Laden, usw.<br>Dachterrassen oder Innenh\u00f6fe sollen genutzt werden und eine gewisse Selbstversorgung erlauben (Gem\u00fcse, Aquaponics, H\u00fchner usw.). Daneben sollen gut gestaltete und ideal platzierte Zonen Grillstellen oder Spielpl\u00e4tze erm\u00f6glichen. Die baulich idealen Gegebenheiten sollen die Generationen zusammenf\u00fchren und Betreuungsmodelle bis hin zu Mittagstischen und anderen Einrichtungen beg\u00fcnstigen. Wir sind offen f\u00fcr die Zusammenarbeit mit anderen Genossenschaften, kulturellen Institutionen, der \u00f6ffentlichen Hand und weiteren Akteuren.<\/p>\n\n\n<div class=\"wp-block-image\">\n<figure class=\"aligncenter\"><img loading=\"lazy\" decoding=\"async\" width=\"624\" height=\"467\" src=\"http:\/\/www.leona-olten.ch\/wp-content\/uploads\/2017\/10\/bild_s8-1.jpg\" alt=\"\" class=\"wp-image-132\" srcset=\"https:\/\/leona-olten.ch\/wp-content\/uploads\/2017\/10\/bild_s8-1.jpg 624w, https:\/\/leona-olten.ch\/wp-content\/uploads\/2017\/10\/bild_s8-1-300x225.jpg 300w\" sizes=\"auto, (max-width: 624px) 100vw, 624px\" \/><\/figure>\n<\/div>\n\n\n<p class=\"has-text-align-center\"><a href=\"https:\/\/www.srf.ch\/kultur\/gesellschaft-religion\/zusammen-wohnen-staedter-weniger-allein\" target=\"_blank\" rel=\"noopener\">Bildquelle<\/a><\/p>\n\n\n\n<h1 class=\"wp-block-heading\">Angestrebte Gr\u00f6sse<\/h1>\n\n\n\n<p>Die Neue Nachbarschaft soll Platz f\u00fcr ungef\u00e4hr 100 Personen haben (z.B 15 Familien \u00e0 4 Personen, 10 einzelne Personen, 10 Paare und zwei 5er WGs). Die Auswahl der Mietenden f\u00fchrt zu einer sozialen Durchmischung. Wir wollen Platz f\u00fcr Familien, einzelne Personen, Paare, Mehrgenerationenwohnen, verschiedene soziale Schichten, Alleinerziehende, Gefl\u00fcchtete, Minderheiten usw. anbieten. Die soziale Durchmischung soll zu einer Inklusion f\u00fchren. Die Wohnungen werden bewusst unterschiedlich gross, gemischt und vielseitig gestaltet. Die Mietkosten werden auf Basis der Kostenmiete berechnet.<\/p>\n\n\n\n<h1 class=\"wp-block-heading\">Leitung \/ Finanzierung<\/h1>\n\n\n\n<p>Die neue Nachbarschaft tr\u00e4gt die Form einer Genossenschaft. Die Bewohnenden tragen mit Geld, eigener Arbeit und Ideen zur Entwicklung der Nachbarschaft bei. Regelm\u00e4ssige Anl\u00e4sse k\u00f6nnen entwickelt und etabliert werden. Es ist eine Struktur\/Leitung notwendig in Form eines Vorstands sowie Versammlungen. Zus\u00e4tzliche Verantwortungsbereiche wie Zusammenleben\/Regeln&nbsp; \u00fcber Finanzen\/Vermietung bis hin zu einer Baukommission werden personell ideal besetzt.<\/p>\n\n\n\n<p>Dieses Visionspapier wurde durch Anja Schaffner, Jens Hinkelmann, Matthias Tschopp, Michael Bertschmann, Raphael Sch\u00e4r, Simon Nussbaumer und Siv Lehmann auf Basis des Workshops vom 25. April 2017 erarbeitet.<\/p>\n\n\n\n<p>Das Visionspapier wurde am 20. September durch die Gr\u00fcndungsversammlung des Vereins \u201cLebendige Oltner Nachbarschaft (Leona)\u201d verabschiedet.<\/p>\n","protected":false},"excerpt":{"rendered":"<p>Attraktiv und bezahlbar in der Stadt leben! Wir streben eine Neue Nachbarschaft in Form einer Genossenschaft in Olten an.Wir sind Pionierende, weil wir den Mut haben, verschiedene bew\u00e4hrte, aber auch ganz neue Ideen in einem solchen Projekt umzusetzen, als eine Erg\u00e4nzung zum bisherigen Wohnraum in Olten. Wir wollen eine wegweisendes [&hellip;]<\/p>\n","protected":false},"author":1,"featured_media":20,"parent":0,"menu_order":0,"comment_status":"closed","ping_status":"closed","template":"","meta":{"footnotes":""},"class_list":["post-17","page","type-page","status-publish","has-post-thumbnail","hentry"],"_links":{"self":[{"href":"https:\/\/leona-olten.ch\/index.php\/wp-json\/wp\/v2\/pages\/17","targetHints":{"allow":["GET"]}}],"collection":[{"href":"https:\/\/leona-olten.ch\/index.php\/wp-json\/wp\/v2\/pages"}],"about":[{"href":"https:\/\/leona-olten.ch\/index.php\/wp-json\/wp\/v2\/types\/page"}],"author":[{"embeddable":true,"href":"https:\/\/leona-olten.ch\/index.php\/wp-json\/wp\/v2\/users\/1"}],"replies":[{"embeddable":true,"href":"https:\/\/leona-olten.ch\/index.php\/wp-json\/wp\/v2\/comments?post=17"}],"version-history":[{"count":9,"href":"https:\/\/leona-olten.ch\/index.php\/wp-json\/wp\/v2\/pages\/17\/revisions"}],"predecessor-version":[{"id":552,"href":"https:\/\/leona-olten.ch\/index.php\/wp-json\/wp\/v2\/pages\/17\/revisions\/552"}],"wp:featuredmedia":[{"embeddable":true,"href":"https:\/\/leona-olten.ch\/index.php\/wp-json\/wp\/v2\/media\/20"}],"wp:attachment":[{"href":"https:\/\/leona-olten.ch\/index.php\/wp-json\/wp\/v2\/media?parent=17"}],"curies":[{"name":"wp","href":"https:\/\/api.w.org\/{rel}","templated":true}]}}